{"id":6,"date":"2024-02-13T16:53:36","date_gmt":"2024-02-13T16:53:36","guid":{"rendered":"https:\/\/axxana.de\/?page_id=6"},"modified":"2024-09-18T17:18:43","modified_gmt":"2024-09-18T17:18:43","slug":"mesmerize","status":"publish","type":"page","link":"https:\/\/axxana.de\/","title":{"rendered":"Startseite"},"content":{"rendered":"<div  data-label=\"Cta\" data-id=\"cta--2\" data-export-id=\"cta-centered-bg-section\" data-category=\"cta\" data-section-ov=\"1\" class=\"cta-centered-bg-section content-section content-section-spacing-medium white-text\" data-parallax-depth=\"20\" id=\"cta-2\" style=\"background-image: none; background-color: rgb(255, 255, 255);\"><div  class=\"gridContainer\"> <div  class=\"row text-center\"><div  data-type=\"column\" class=\"\"> <h2  class=\"\"><span  style=\"color: rgb(0, 0, 0);\">Wer sind wir?<\/span><\/h2> <p  class=\"lead\"><span  style=\"color: rgb(0, 0, 0);\">Die axxana GmbH ist ein junges, aufstrebendes Unternehmen, welches sich mit dem Vertrieb von Medizin- und Gesundheitsprodukten besch\u00e4ftigt. Wir fokussierien uns seit unserer Gr\u00fcndung auf die Fachgruppe der Ortop\u00e4den und Unfallchirurgen, um diese mit innovativen Produkten zu unterst\u00fctzen.&nbsp;<\/span>\n<br ><br ><span style=\"color: rgb(52, 58, 64);\" >F\u00fcr Sie zust\u00e4ndig:<\/span><br ><span style=\"color: rgb(52, 58, 64);\" >\nWolfgang R. Schmidt<\/span><br ><span style=\"color: rgb(52, 58, 64);\" >\nMedizinprodukteberater \u00a7 83 MPDG<\/span><br ><span style=\"color: rgb(52, 58, 64);\" >\nExterner Vertriebspartner\/Handelsvertreter<\/span><br ><span style=\"color: rgb(52, 58, 64);\" >\nder ELMAKO GmbH &amp; Co. KG<\/span><br ><span style=\"color: rgb(52, 58, 64);\" >\nw.r.schmidt@axxana.de<\/span><br ><span style=\"color: rgb(52, 58, 64);\" >\nTel: +49 (0) 173 6894949<\/span><\/p><h3  class=\"\"><span  style=\"color: rgb(52, 58, 64);\">Diese Seite wird derzeit \u00fcberarbeitet.&nbsp;<\/span><\/h3><\/div> <\/div><\/div> <\/div>","protected":false},"excerpt":{"rendered":"<p>Wer sind wir? Die axxana GmbH ist ein junges, aufstrebendes Unternehmen, welches sich mit dem Vertrieb von Medizin- und Gesundheitsprodukten besch\u00e4ftigt. Wir fokussierien uns seit unserer Gr\u00fcndung auf die Fachgruppe der Ortop\u00e4den und Unfallchirurgen, um diese mit innovativen Produkten zu unterst\u00fctzen.&nbsp; F\u00fcr Sie zust\u00e4ndig: Wolfgang R. Schmidt Medizinprodukteberater \u00a7 83 MPDG Externer Vertriebspartner\/Handelsvertreter der ELMAKO&hellip; <br \/> <a class=\"read-more\" href=\"https:\/\/axxana.de\/\">Weiterlesen<\/a><\/p>\n","protected":false},"author":1,"featured_media":0,"parent":0,"menu_order":0,"comment_status":"closed","ping_status":"closed","template":"page-templates\/homepage.php","meta":{"footnotes":""},"class_list":["post-6","page","type-page","status-publish","hentry"],"_links":{"self":[{"href":"https:\/\/axxana.de\/index.php?rest_route=\/wp\/v2\/pages\/6","targetHints":{"allow":["GET"]}}],"collection":[{"href":"https:\/\/axxana.de\/index.php?rest_route=\/wp\/v2\/pages"}],"about":[{"href":"https:\/\/axxana.de\/index.php?rest_route=\/wp\/v2\/types\/page"}],"author":[{"embeddable":true,"href":"https:\/\/axxana.de\/index.php?rest_route=\/wp\/v2\/users\/1"}],"replies":[{"embeddable":true,"href":"https:\/\/axxana.de\/index.php?rest_route=%2Fwp%2Fv2%2Fcomments&post=6"}],"version-history":[{"count":15,"href":"https:\/\/axxana.de\/index.php?rest_route=\/wp\/v2\/pages\/6\/revisions"}],"predecessor-version":[{"id":117,"href":"https:\/\/axxana.de\/index.php?rest_route=\/wp\/v2\/pages\/6\/revisions\/117"}],"wp:attachment":[{"href":"https:\/\/axxana.de\/index.php?rest_route=%2Fwp%2Fv2%2Fmedia&parent=6"}],"curies":[{"name":"wp","href":"https:\/\/api.w.org\/{rel}","templated":true}]}}